{"id":1867,"date":"2022-09-16T07:45:00","date_gmt":"2022-09-16T07:45:00","guid":{"rendered":"https:\/\/udala.gege.es\/?page_id=1867"},"modified":"2022-09-27T08:34:38","modified_gmt":"2022-09-27T08:34:38","slug":"aviso-legal","status":"publish","type":"page","link":"https:\/\/udala.gege.es\/es\/aviso-legal\/","title":{"rendered":"Aviso Legal"},"content":{"rendered":"\t\t<div data-elementor-type=\"wp-page\" data-elementor-id=\"1867\" class=\"elementor elementor-1867\" data-elementor-post-type=\"page\">\n\t\t\t\t\t\t<section class=\"elementor-section elementor-top-section elementor-element elementor-element-56fb7d05 elementor-section-boxed elementor-section-height-default elementor-section-height-default\" data-id=\"56fb7d05\" data-element_type=\"section\" data-settings=\"{&quot;background_background&quot;:&quot;classic&quot;}\">\n\t\t\t\t\t\t<div class=\"elementor-container elementor-column-gap-default\">\n\t\t\t\t\t<div class=\"elementor-column elementor-col-100 elementor-top-column elementor-element elementor-element-52e5d547\" data-id=\"52e5d547\" data-element_type=\"column\">\n\t\t\t<div class=\"elementor-widget-wrap elementor-element-populated\">\n\t\t\t\t\t\t<div class=\"elementor-element elementor-element-265e2b4a elementor-widget elementor-widget-heading\" data-id=\"265e2b4a\" data-element_type=\"widget\" data-widget_type=\"heading.default\">\n\t\t\t\t<div class=\"elementor-widget-container\">\n\t\t\t\t\t<h2 class=\"elementor-heading-title elementor-size-default\">Aviso Legal<\/h2>\t\t\t\t<\/div>\n\t\t\t\t<\/div>\n\t\t\t\t\t<\/div>\n\t\t<\/div>\n\t\t\t\t\t<\/div>\n\t\t<\/section>\n\t\t\t\t<section class=\"elementor-section elementor-top-section elementor-element elementor-element-35235287 elementor-section-boxed elementor-section-height-default elementor-section-height-default\" data-id=\"35235287\" data-element_type=\"section\">\n\t\t\t\t\t\t<div class=\"elementor-container elementor-column-gap-default\">\n\t\t\t\t\t<div class=\"elementor-column elementor-col-100 elementor-top-column elementor-element elementor-element-c33e29b\" data-id=\"c33e29b\" data-element_type=\"column\">\n\t\t\t<div class=\"elementor-widget-wrap elementor-element-populated\">\n\t\t\t\t\t\t<div class=\"elementor-element elementor-element-5d031ed elementor-widget elementor-widget-text-editor\" data-id=\"5d031ed\" data-element_type=\"widget\" data-widget_type=\"text-editor.default\">\n\t\t\t\t<div class=\"elementor-widget-container\">\n\t\t\t\t\t\t\t\t\t<p>Los contenidos de esta web tienen Licencia Internacional Creative Commons Reconocimiento-Compartir Igual 4.0.<\/p><p>Esta licencia permite:<\/p><p>&#8211; La copia, distribuci\u00f3n o exposici\u00f3n p\u00fablica de los contenidos de la web (textos, im\u00e1genes y documentos) ;<\/p><p>&#8211; La realizaci\u00f3n de contenidos u obras derivadas de dichos contenidos.<\/p><p>Seg\u00fan las siguientes condiciones:<\/p><p>&#8211; Reconocer el origen de los contenidos, por medio de una nota al pie de la obra copiada o derivada: \u00abFuente: www.tolosa.eus\u00bb.<\/p><p>&#8211; Compartir los trabajos derivados con la misma licencia.<\/p><p>Si la obra se difunde en formato electr\u00f3nico, nuestra web se mencionar\u00e1 mediante esta URL: http:\/\/www.tolosa.eus\/.<\/p>\t\t\t\t\t\t\t\t<\/div>\n\t\t\t\t<\/div>\n\t\t\t\t<div class=\"elementor-element elementor-element-80d8efb elementor-widget elementor-widget-heading\" data-id=\"80d8efb\" data-element_type=\"widget\" data-widget_type=\"heading.default\">\n\t\t\t\t<div class=\"elementor-widget-container\">\n\t\t\t\t\t<h2 class=\"elementor-heading-title elementor-size-default\">M\u00c1S INFORMACI\u00d3N<\/h2>\t\t\t\t<\/div>\n\t\t\t\t<\/div>\n\t\t\t\t<div class=\"elementor-element elementor-element-2fc8cc8 elementor-widget elementor-widget-text-editor\" data-id=\"2fc8cc8\" data-element_type=\"widget\" data-widget_type=\"text-editor.default\">\n\t\t\t\t<div class=\"elementor-widget-container\">\n\t\t\t\t\t\t\t\t\t<p>Texto legal de la Licencia Creative Commons Reconocimiento<\/p><p>La Administraci\u00f3n Municipal de Tolosa se reconoce la facultad para realizar cambios y actualizaciones en la informaci\u00f3n y en la configuraci\u00f3n y el dise\u00f1o de la web en cualquier momento y sin previo aviso.<\/p><p>La Administraci\u00f3n Municipal de Tolosa no garantiza la no existencia de errores en el acceso y el contenido de la web, ni su debida actualizaci\u00f3n. Aun as\u00ed, tomar\u00e1 las medidas necesarias para evitar dichos errores, y, si es necesario, resolverlos y actualizarlos a la mayor brevedad posible.<\/p><p>El acceso y el uso de la informaci\u00f3n contenida en la web son responsabilidad de los usuarios y usuarias. La Administraci\u00f3n Municipal de Tolosa se excluye de cualquier responsabilidad que puedan ocasionar el acceso y el uso de la informaci\u00f3n, salvo en aquellos actos que le competen seg\u00fan las estipulaciones legales exigibles en el ejercicio de sus competencias espec\u00edficas.<\/p><p>La Administraci\u00f3n Municipal de Tolosa no asume ninguna responsabilidad por aquellos contenidos y conexiones a enlaces de terceras partes que se recogen en la web.<\/p>\t\t\t\t\t\t\t\t<\/div>\n\t\t\t\t<\/div>\n\t\t\t\t\t<\/div>\n\t\t<\/div>\n\t\t\t\t\t<\/div>\n\t\t<\/section>\n\t\t\t\t<\/div>\n\t\t","protected":false},"excerpt":{"rendered":"<p>Aviso Legal Los contenidos de esta web tienen Licencia Internacional Creative Commons Reconocimiento-Compartir Igual 4.0. Esta licencia permite: &#8211; La copia, distribuci\u00f3n o exposici\u00f3n p\u00fablica de los contenidos de la web (textos, im\u00e1genes y documentos) ; &#8211; La realizaci\u00f3n de contenidos u obras derivadas de dichos contenidos. Seg\u00fan las siguientes condiciones: &#8211; Reconocer el origen [&hellip;]<\/p>\n","protected":false},"author":1,"featured_media":0,"parent":0,"menu_order":0,"comment_status":"closed","ping_status":"closed","template":"","meta":{"footnotes":""},"class_list":["post-1867","page","type-page","status-publish","hentry"],"_links":{"self":[{"href":"https:\/\/udala.gege.es\/es\/wp-json\/wp\/v2\/pages\/1867","targetHints":{"allow":["GET"]}}],"collection":[{"href":"https:\/\/udala.gege.es\/es\/wp-json\/wp\/v2\/pages"}],"about":[{"href":"https:\/\/udala.gege.es\/es\/wp-json\/wp\/v2\/types\/page"}],"author":[{"embeddable":true,"href":"https:\/\/udala.gege.es\/es\/wp-json\/wp\/v2\/users\/1"}],"replies":[{"embeddable":true,"href":"https:\/\/udala.gege.es\/es\/wp-json\/wp\/v2\/comments?post=1867"}],"version-history":[{"count":15,"href":"https:\/\/udala.gege.es\/es\/wp-json\/wp\/v2\/pages\/1867\/revisions"}],"predecessor-version":[{"id":2500,"href":"https:\/\/udala.gege.es\/es\/wp-json\/wp\/v2\/pages\/1867\/revisions\/2500"}],"wp:attachment":[{"href":"https:\/\/udala.gege.es\/es\/wp-json\/wp\/v2\/media?parent=1867"}],"curies":[{"name":"wp","href":"https:\/\/api.w.org\/{rel}","templated":true}]}}