{"id":1869,"date":"2022-09-16T07:45:19","date_gmt":"2022-09-16T07:45:19","guid":{"rendered":"https:\/\/udala.gege.es\/?page_id=1869"},"modified":"2022-09-22T11:53:32","modified_gmt":"2022-09-22T11:53:32","slug":"politica-de-privacidad","status":"publish","type":"page","link":"https:\/\/udala.gege.es\/es\/politica-de-privacidad\/","title":{"rendered":"Pol\u00edtica de privacidad"},"content":{"rendered":"\t\t<div data-elementor-type=\"wp-page\" data-elementor-id=\"1869\" class=\"elementor elementor-1869\" data-elementor-post-type=\"page\">\n\t\t\t\t\t\t<section class=\"elementor-section elementor-top-section elementor-element elementor-element-70b76ddf elementor-section-boxed elementor-section-height-default elementor-section-height-default\" data-id=\"70b76ddf\" data-element_type=\"section\" data-settings=\"{&quot;background_background&quot;:&quot;classic&quot;}\">\n\t\t\t\t\t\t<div class=\"elementor-container elementor-column-gap-default\">\n\t\t\t\t\t<div class=\"elementor-column elementor-col-100 elementor-top-column elementor-element elementor-element-6e2f342d\" data-id=\"6e2f342d\" data-element_type=\"column\">\n\t\t\t<div class=\"elementor-widget-wrap elementor-element-populated\">\n\t\t\t\t\t\t<div class=\"elementor-element elementor-element-7f6094ce elementor-widget elementor-widget-heading\" data-id=\"7f6094ce\" data-element_type=\"widget\" data-widget_type=\"heading.default\">\n\t\t\t\t<div class=\"elementor-widget-container\">\n\t\t\t\t\t<h2 class=\"elementor-heading-title elementor-size-default\">Pol\u00edtica de privacidad<\/h2>\t\t\t\t<\/div>\n\t\t\t\t<\/div>\n\t\t\t\t\t<\/div>\n\t\t<\/div>\n\t\t\t\t\t<\/div>\n\t\t<\/section>\n\t\t\t\t<section class=\"elementor-section elementor-top-section elementor-element elementor-element-7d6884a6 elementor-section-height-min-height elementor-section-items-top elementor-section-boxed elementor-section-height-default\" data-id=\"7d6884a6\" data-element_type=\"section\">\n\t\t\t\t\t\t<div class=\"elementor-container elementor-column-gap-default\">\n\t\t\t\t\t<div class=\"elementor-column elementor-col-100 elementor-top-column elementor-element elementor-element-2687ac4\" data-id=\"2687ac4\" data-element_type=\"column\">\n\t\t\t<div class=\"elementor-widget-wrap elementor-element-populated\">\n\t\t\t\t\t\t<div class=\"elementor-element elementor-element-fa297c7 elementor-widget elementor-widget-text-editor\" data-id=\"fa297c7\" data-element_type=\"widget\" data-widget_type=\"text-editor.default\">\n\t\t\t\t<div class=\"elementor-widget-container\">\n\t\t\t\t\t\t\t\t\t<p>&#8211; Se le informa que los datos que usted nos facilita ser\u00e1n exclusivamente utilizados con la finalidad de permitir su colaboraci\u00f3n en el proceso de toma de decisiones del Ayuntamiento de Tolosa, as\u00ed como para realizar estudios y valoraci\u00f3n de sus respuestas en este proceso, en este ejercicio y en ejercicios sucesivos.<\/p><p>&#8211; Autoriza al Ayuntamiento de Tolosa a verificar sus datos personales con el Padr\u00f3n Municipal, en el caso de que sea necesario.<\/p><p>&#8211; Estos datos no ser\u00e1n en ning\u00fan caso objeto de cesi\u00f3n a terceros y ser\u00e1n tratados de manera confidencial y conservados bajo las medidas de seguridad legalmente establecidas.<\/p><p>&#8211; Puede revocar su consentimiento y ejercitar sus derechos de acceso, rectificaci\u00f3n, cancelaci\u00f3n y oposici\u00f3n, respecto de sus datos personales dirigiendo un correo electr\u00f3nico a dbdelegatua@tolosa.eus, debiendo adjuntar copia de un documento acreditativo de su identidad.<\/p>\t\t\t\t\t\t\t\t<\/div>\n\t\t\t\t<\/div>\n\t\t\t\t\t<\/div>\n\t\t<\/div>\n\t\t\t\t\t<\/div>\n\t\t<\/section>\n\t\t\t\t<\/div>\n\t\t","protected":false},"excerpt":{"rendered":"<p>Pol\u00edtica de privacidad &#8211; Se le informa que los datos que usted nos facilita ser\u00e1n exclusivamente utilizados con la finalidad de permitir su colaboraci\u00f3n en el proceso de toma de decisiones del Ayuntamiento de Tolosa, as\u00ed como para realizar estudios y valoraci\u00f3n de sus respuestas en este proceso, en este ejercicio y en ejercicios sucesivos. [&hellip;]<\/p>\n","protected":false},"author":1,"featured_media":0,"parent":0,"menu_order":0,"comment_status":"closed","ping_status":"closed","template":"","meta":{"footnotes":""},"class_list":["post-1869","page","type-page","status-publish","hentry"],"_links":{"self":[{"href":"https:\/\/udala.gege.es\/es\/wp-json\/wp\/v2\/pages\/1869","targetHints":{"allow":["GET"]}}],"collection":[{"href":"https:\/\/udala.gege.es\/es\/wp-json\/wp\/v2\/pages"}],"about":[{"href":"https:\/\/udala.gege.es\/es\/wp-json\/wp\/v2\/types\/page"}],"author":[{"embeddable":true,"href":"https:\/\/udala.gege.es\/es\/wp-json\/wp\/v2\/users\/1"}],"replies":[{"embeddable":true,"href":"https:\/\/udala.gege.es\/es\/wp-json\/wp\/v2\/comments?post=1869"}],"version-history":[{"count":20,"href":"https:\/\/udala.gege.es\/es\/wp-json\/wp\/v2\/pages\/1869\/revisions"}],"predecessor-version":[{"id":2170,"href":"https:\/\/udala.gege.es\/es\/wp-json\/wp\/v2\/pages\/1869\/revisions\/2170"}],"wp:attachment":[{"href":"https:\/\/udala.gege.es\/es\/wp-json\/wp\/v2\/media?parent=1869"}],"curies":[{"name":"wp","href":"https:\/\/api.w.org\/{rel}","templated":true}]}}