{"id":1871,"date":"2022-09-16T07:45:34","date_gmt":"2022-09-16T07:45:34","guid":{"rendered":"https:\/\/udala.gege.es\/?page_id=1871"},"modified":"2022-09-27T09:26:45","modified_gmt":"2022-09-27T09:26:45","slug":"politica-de-cookies","status":"publish","type":"page","link":"https:\/\/udala.gege.es\/es\/politica-de-cookies\/","title":{"rendered":"Pol\u00edtica de cookies"},"content":{"rendered":"\t\t<div data-elementor-type=\"wp-page\" data-elementor-id=\"1871\" class=\"elementor elementor-1871\" data-elementor-post-type=\"page\">\n\t\t\t\t\t\t<section class=\"elementor-section elementor-top-section elementor-element elementor-element-3ed4071a elementor-section-boxed elementor-section-height-default elementor-section-height-default\" data-id=\"3ed4071a\" data-element_type=\"section\" data-settings=\"{&quot;background_background&quot;:&quot;classic&quot;}\">\n\t\t\t\t\t\t<div class=\"elementor-container elementor-column-gap-default\">\n\t\t\t\t\t<div class=\"elementor-column elementor-col-100 elementor-top-column elementor-element elementor-element-64c54e80\" data-id=\"64c54e80\" data-element_type=\"column\">\n\t\t\t<div class=\"elementor-widget-wrap elementor-element-populated\">\n\t\t\t\t\t\t<div class=\"elementor-element elementor-element-447b1119 elementor-widget elementor-widget-heading\" data-id=\"447b1119\" data-element_type=\"widget\" data-widget_type=\"heading.default\">\n\t\t\t\t<div class=\"elementor-widget-container\">\n\t\t\t\t\t<h2 class=\"elementor-heading-title elementor-size-default\">Pol\u00edtica de cookies<\/h2>\t\t\t\t<\/div>\n\t\t\t\t<\/div>\n\t\t\t\t\t<\/div>\n\t\t<\/div>\n\t\t\t\t\t<\/div>\n\t\t<\/section>\n\t\t\t\t<section class=\"elementor-section elementor-top-section elementor-element elementor-element-43ecbcf elementor-section-boxed elementor-section-height-default elementor-section-height-default\" data-id=\"43ecbcf\" data-element_type=\"section\">\n\t\t\t\t\t\t<div class=\"elementor-container elementor-column-gap-default\">\n\t\t\t\t\t<div class=\"elementor-column elementor-col-100 elementor-top-column elementor-element elementor-element-2662e2e\" data-id=\"2662e2e\" data-element_type=\"column\">\n\t\t\t<div class=\"elementor-widget-wrap elementor-element-populated\">\n\t\t\t\t\t\t<div class=\"elementor-element elementor-element-4ac9c56 elementor-widget elementor-widget-heading\" data-id=\"4ac9c56\" data-element_type=\"widget\" data-widget_type=\"heading.default\">\n\t\t\t\t<div class=\"elementor-widget-container\">\n\t\t\t\t\t<h2 class=\"elementor-heading-title elementor-size-default\">Te informamos que la web Tolosako aurrekontuak utiliza cookies para analizar la navegaci\u00f3n de los\/as usuarios\/as.\n\n\n\n\n\n\n\n<\/h2>\t\t\t\t<\/div>\n\t\t\t\t<\/div>\n\t\t\t\t<div class=\"elementor-element elementor-element-1273a74 elementor-widget elementor-widget-heading\" data-id=\"1273a74\" data-element_type=\"widget\" data-widget_type=\"heading.default\">\n\t\t\t\t<div class=\"elementor-widget-container\">\n\t\t\t\t\t<h2 class=\"elementor-heading-title elementor-size-default\">\u00bfQu\u00e9 son las cookies?\n\n\n\n\n\n\n\n<\/h2>\t\t\t\t<\/div>\n\t\t\t\t<\/div>\n\t\t\t\t<div class=\"elementor-element elementor-element-0fe3fc6 elementor-widget elementor-widget-text-editor\" data-id=\"0fe3fc6\" data-element_type=\"widget\" data-widget_type=\"text-editor.default\">\n\t\t\t\t<div class=\"elementor-widget-container\">\n\t\t\t\t\t\t\t\t\t<p>Las cookies son unos archivos que se instalan en tu ordenador con el que accedes a nuestra web. Gracias a ellas, podemos obtener informaci\u00f3n sobre la navegaci\u00f3n de los\/as usuarios, con objeto de ofrecer un mejor servicio. El uso m\u00e1s com\u00fan es la recopilaci\u00f3n de informaci\u00f3n estad\u00edstica. Casi todas las web utilizan cookies.<\/p><p>Este sitio web utiliza las siguientes:<\/p>\t\t\t\t\t\t\t\t<\/div>\n\t\t\t\t<\/div>\n\t\t\t\t<div class=\"elementor-element elementor-element-7c9fd9c elementor-widget elementor-widget-heading\" data-id=\"7c9fd9c\" data-element_type=\"widget\" data-widget_type=\"heading.default\">\n\t\t\t\t<div class=\"elementor-widget-container\">\n\t\t\t\t\t<h2 class=\"elementor-heading-title elementor-size-default\">Google:\n\n\n\n\n\n\n\n<\/h2>\t\t\t\t<\/div>\n\t\t\t\t<\/div>\n\t\t\t\t<div class=\"elementor-element elementor-element-7f9171e elementor-widget elementor-widget-text-editor\" data-id=\"7f9171e\" data-element_type=\"widget\" data-widget_type=\"text-editor.default\">\n\t\t\t\t<div class=\"elementor-widget-container\">\n\t\t\t\t\t\t\t\t\t<p>Utilizamos Google Analytics. El uso de estas herramientas nos obliga a utilizar cookies de Google, que recogen informaci\u00f3n sobre nuestra web. Se usan cookies para recopilar informaci\u00f3n demogr\u00e1fica sobre los\/as visitantes de la web y sus intereses, como por ejemplo su comportamiento y uso de la web, y si est\u00e1n logeados en Google, la relaci\u00f3n del usuario con el mismo.<\/p><p>Algunas cookies de Google, como son los anuncios capsulados tipo display de Google Analytics, tienen como objetivo una mayor efectividad de la publicidad (remarketing, informes de impresi\u00f3n de la red de Display de Google, integraci\u00f3n de Doubleclick Campaign Manager y\/o datos demogr\u00e1ficos e informes de inter\u00e9s de Google Anaylitics). El uso que le des a nuestra web y tu direcci\u00f3n IP pueden ser transmitidos a Google y almacenados en su servidor.<\/p><p>En los siguientes links, encontrar\u00e1s m\u00e1s informaci\u00f3n sobre las cookies y la pol\u00edtica de privacidad:<\/p><ul><li><a href=\"http:\/\/www.google.es\/intl\/es\/policies\/privacy\/\">Pol\u00edtica de privacidad de Google<\/a><\/li><li><a href=\"https:\/\/www.google.es\/intl\/es\/policies\/technologies\/cookies\/\">Como utiliza Google las cookies<\/a><\/li><li><a href=\"http:\/\/www.google.es\/intl\/es\/policies\/technologies\/types\/\">Tipos de cookies de Google<\/a><\/li><\/ul>\t\t\t\t\t\t\t\t<\/div>\n\t\t\t\t<\/div>\n\t\t\t\t<div class=\"elementor-element elementor-element-a8cfb52 elementor-widget elementor-widget-heading\" data-id=\"a8cfb52\" data-element_type=\"widget\" data-widget_type=\"heading.default\">\n\t\t\t\t<div class=\"elementor-widget-container\">\n\t\t\t\t\t<h2 class=\"elementor-heading-title elementor-size-default\">DM-Integra:\n\n\n\n\n\n\n<\/h2>\t\t\t\t<\/div>\n\t\t\t\t<\/div>\n\t\t\t\t<div class=\"elementor-element elementor-element-5c80b06 elementor-widget elementor-widget-text-editor\" data-id=\"5c80b06\" data-element_type=\"widget\" data-widget_type=\"text-editor.default\">\n\t\t\t\t<div class=\"elementor-widget-container\">\n\t\t\t\t\t\t\t\t\t<p>Esta aplicaci\u00f3n la ha desarrollado Dosges (<a href=\"https:\/\/dosges.com\/\">dosges.com<\/a>), servicio para analizar la audiencia de nuestra p\u00e1gina web. Los datos podr\u00e1n ser utilizados para mejorar u ofrecer servicios a otras empresas.<\/p><p>Esta herramienta no recoge datos sobre el nombre y apellidos de los\/as usuarios\/as, ni la direcci\u00f3n electr\u00f3nica de la conexi\u00f3n de origen. La informaci\u00f3n recopilada recoge, entre otros: n\u00famero e idioma de las p\u00e1ginas visitadas, redes sociales en las que se publican nuestras noticias,\u00a0 ciudad a la que corresponde la direcci\u00f3n IP y n\u00famero de visitantes y frecuencia, recurrencia y duraci\u00f3n de las visitas, qu\u00e9 navegador utilizan, y desde qu\u00e9 tipo de operador o terminal realizan la visita. La visita de un\/a usuario\/a podr\u00e1 ser relacionado\/a con su direcci\u00f3n electr\u00f3nica, con fines estad\u00edsticos y\/o comerciales, siempre que est\u00e9 inscrito\/a a una lista de distribuci\u00f3n.<\/p>\t\t\t\t\t\t\t\t<\/div>\n\t\t\t\t<\/div>\n\t\t\t\t<div class=\"elementor-element elementor-element-8fc41f4 elementor-widget elementor-widget-heading\" data-id=\"8fc41f4\" data-element_type=\"widget\" data-widget_type=\"heading.default\">\n\t\t\t\t<div class=\"elementor-widget-container\">\n\t\t\t\t\t<h2 class=\"elementor-heading-title elementor-size-default\">\u00bfPara qu\u00e9 se utilizan los datos?\n\n\n\n\n\n\n<\/h2>\t\t\t\t<\/div>\n\t\t\t\t<\/div>\n\t\t\t\t<div class=\"elementor-element elementor-element-fd7e3fe elementor-widget elementor-widget-text-editor\" data-id=\"fd7e3fe\" data-element_type=\"widget\" data-widget_type=\"text-editor.default\">\n\t\t\t\t<div class=\"elementor-widget-container\">\n\t\t\t\t\t\t\t\t\t<p>Utilizamos la informaci\u00f3n recopilada a trav\u00e9s de cookies para mejorar la web, detectar nuevas necesidades y valorar las mejoras a realizar, y as\u00ed, ofrecer un mejor servicio.<\/p>\t\t\t\t\t\t\t\t<\/div>\n\t\t\t\t<\/div>\n\t\t\t\t<div class=\"elementor-element elementor-element-9c2c80c elementor-widget elementor-widget-heading\" data-id=\"9c2c80c\" data-element_type=\"widget\" data-widget_type=\"heading.default\">\n\t\t\t\t<div class=\"elementor-widget-container\">\n\t\t\t\t\t<h2 class=\"elementor-heading-title elementor-size-default\">\u00bfQui\u00e9n gestiona las cookies?\n\n\n\n\n\n\n<\/h2>\t\t\t\t<\/div>\n\t\t\t\t<\/div>\n\t\t\t\t<div class=\"elementor-element elementor-element-91381e4 elementor-widget elementor-widget-text-editor\" data-id=\"91381e4\" data-element_type=\"widget\" data-widget_type=\"text-editor.default\">\n\t\t\t\t<div class=\"elementor-widget-container\">\n\t\t\t\t\t\t\t\t\t<p>Para aceptar, bloquear y borrar las cookies de nuestra web u otras que se instalen en tu dispositivo, configura las opciones del navegador de tu ordenador. Estos son los navegadores m\u00e1s extendidos:<\/p><p>&#8211; Firefox:\u00a0<a href=\"https:\/\/support.mozilla.org\/es\/kb\/habilitar-y-deshabilitar-cookies-que-los-sitios-we\">https:\/\/support.mozilla.org\/es\/kb\/habilitar-y-deshabilitar-cookies-que-los-sitios-we<\/a><\/p><p>&#8211; Chrome:\u00a0<a href=\"http:\/\/support.google.com\/chrome\/bin\/answer.py?hl=es&amp;answer=95647\">http:\/\/support.google.com\/chrome\/bin\/answer.py?hl=es&amp;answer=95647<\/a><\/p><p>&#8211; Explorer:\u00a0<a href=\"http:\/\/windows.microsoft.com\/es-es\/windows7\/how-to-manage-cookies-in-internet-explorer-9\">http:\/\/windows.microsoft.com\/es-es\/windows7\/how-to-manage-cookies-in-internet-explorer-9<\/a><\/p><p>&#8211; Safari:\u00a0<a href=\"http:\/\/support.apple.com\/kb\/ph5042\">http:\/\/support.apple.com\/kb\/ph5042<\/a><\/p><p>&#8211; Opera:\u00a0<a href=\"http:\/\/help.opera.com\/Windows\/11.50\/es-ES\/cookies.html\">http:\/\/help.opera.com\/Windows\/11.50\/es-ES\/cookies.html<\/a><\/p>\t\t\t\t\t\t\t\t<\/div>\n\t\t\t\t<\/div>\n\t\t\t\t\t<\/div>\n\t\t<\/div>\n\t\t\t\t\t<\/div>\n\t\t<\/section>\n\t\t\t\t<\/div>\n\t\t","protected":false},"excerpt":{"rendered":"<p>Pol\u00edtica de cookies Te informamos que la web Tolosako aurrekontuak utiliza cookies para analizar la navegaci\u00f3n de los\/as usuarios\/as. \u00bfQu\u00e9 son las cookies? Las cookies son unos archivos que se instalan en tu ordenador con el que accedes a nuestra web. Gracias a ellas, podemos obtener informaci\u00f3n sobre la navegaci\u00f3n de los\/as usuarios, con objeto [&hellip;]<\/p>\n","protected":false},"author":1,"featured_media":0,"parent":0,"menu_order":0,"comment_status":"closed","ping_status":"closed","template":"","meta":{"footnotes":""},"class_list":["post-1871","page","type-page","status-publish","hentry"],"_links":{"self":[{"href":"https:\/\/udala.gege.es\/es\/wp-json\/wp\/v2\/pages\/1871","targetHints":{"allow":["GET"]}}],"collection":[{"href":"https:\/\/udala.gege.es\/es\/wp-json\/wp\/v2\/pages"}],"about":[{"href":"https:\/\/udala.gege.es\/es\/wp-json\/wp\/v2\/types\/page"}],"author":[{"embeddable":true,"href":"https:\/\/udala.gege.es\/es\/wp-json\/wp\/v2\/users\/1"}],"replies":[{"embeddable":true,"href":"https:\/\/udala.gege.es\/es\/wp-json\/wp\/v2\/comments?post=1871"}],"version-history":[{"count":20,"href":"https:\/\/udala.gege.es\/es\/wp-json\/wp\/v2\/pages\/1871\/revisions"}],"predecessor-version":[{"id":2536,"href":"https:\/\/udala.gege.es\/es\/wp-json\/wp\/v2\/pages\/1871\/revisions\/2536"}],"wp:attachment":[{"href":"https:\/\/udala.gege.es\/es\/wp-json\/wp\/v2\/media?parent=1871"}],"curies":[{"name":"wp","href":"https:\/\/api.w.org\/{rel}","templated":true}]}}